{"id":1667,"date":"2025-09-01T13:16:17","date_gmt":"2025-09-01T13:16:17","guid":{"rendered":"https:\/\/chaker-living.com\/?page_id=1667"},"modified":"2026-04-17T11:57:00","modified_gmt":"2026-04-17T09:57:00","slug":"impressum","status":"publish","type":"page","link":"https:\/\/chaker-living.com\/pl\/impressum\/","title":{"rendered":"Informacje o wydawcy"},"content":{"rendered":"<style>.elementor-1667 .elementor-element.elementor-element-e496980{--display:flex;--min-height:66vh;--flex-direction:column;--container-widget-width:calc( ( 1 - var( --container-widget-flex-grow ) ) * 100% );--container-widget-height:initial;--container-widget-flex-grow:0;--container-widget-align-self:initial;--flex-wrap-mobile:wrap;--justify-content:center;--align-items:center;--gap:26px 26px;--row-gap:26px;--column-gap:26px;--overlay-opacity:0.3;--margin-top:-157px;--margin-bottom:0px;--margin-left:0px;--margin-right:0px;}.elementor-1667 .elementor-element.elementor-element-e496980:not(.elementor-motion-effects-element-type-background), .elementor-1667 .elementor-element.elementor-element-e496980 > .elementor-motion-effects-container > .elementor-motion-effects-layer{background-image:url(\"https:\/\/chaker-living.com\/wp-content\/uploads\/2025\/07\/WhatsApp-Image-2025-07-07-at-21.03.25_94188b27.webp\");background-position:center center;background-repeat:no-repeat;background-size:cover;}.elementor-1667 .elementor-element.elementor-element-e496980::before, .elementor-1667 .elementor-element.elementor-element-e496980 > .elementor-background-video-container::before, .elementor-1667 .elementor-element.elementor-element-e496980 > .e-con-inner > .elementor-background-video-container::before, .elementor-1667 .elementor-element.elementor-element-e496980 > .elementor-background-slideshow::before, .elementor-1667 .elementor-element.elementor-element-e496980 > .e-con-inner > .elementor-background-slideshow::before, .elementor-1667 .elementor-element.elementor-element-e496980 > .elementor-motion-effects-container > .elementor-motion-effects-layer::before{--background-overlay:'';background-color:#000000;}.elementor-1667 .elementor-element.elementor-element-dbece65 .elementor-heading-title{font-family:\"Playfair Display\", Sans-serif;font-size:80px;font-weight:500;text-transform:none;font-style:normal;text-decoration:none;line-height:1.15em;letter-spacing:-0.02em;color:#FFFFFF;}.elementor-1667 .elementor-element.elementor-element-d18e5a6{--display:flex;--flex-direction:column;--container-widget-width:100%;--container-widget-height:initial;--container-widget-flex-grow:0;--container-widget-align-self:initial;--flex-wrap-mobile:wrap;--padding-top:80px;--padding-bottom:80px;--padding-left:20px;--padding-right:20px;}.elementor-1667 .elementor-element.elementor-element-fd3ab82{font-size:15px;color:var( --e-global-color-secondary );}@media(max-width:1024px){.elementor-1667 .elementor-element.elementor-element-e496980{--gap:20px 20px;--row-gap:20px;--column-gap:20px;}.elementor-1667 .elementor-element.elementor-element-dbece65 .elementor-heading-title{font-size:72px;line-height:1.15em;letter-spacing:-0.02em;}}@media(max-width:767px){.elementor-1667 .elementor-element.elementor-element-e496980{--min-height:53vh;}.elementor-1667 .elementor-element.elementor-element-dbece65 .elementor-heading-title{font-size:33px;line-height:1.15em;letter-spacing:-0.02em;}.elementor-1667 .elementor-element.elementor-element-d18e5a6{--padding-top:60px;--padding-bottom:60px;--padding-left:10px;--padding-right:10px;}}<\/style>\t\t<div data-elementor-type=\"wp-page\" data-elementor-id=\"1667\" class=\"elementor elementor-1667\" data-elementor-post-type=\"page\">\n\t\t\t\t<div class=\"elementor-element elementor-element-e496980 e-flex e-con-boxed e-con e-parent\" data-id=\"e496980\" data-element_type=\"container\" data-e-type=\"container\" data-settings=\"{&quot;background_background&quot;:&quot;classic&quot;}\">\n\t\t\t\t\t<div class=\"e-con-inner\">\n\t\t\t\t<div class=\"elementor-element elementor-element-dbece65 elementor-widget elementor-widget-heading\" data-id=\"dbece65\" data-element_type=\"widget\" data-e-type=\"widget\" data-widget_type=\"heading.default\">\n\t\t\t\t\t<h2 class=\"elementor-heading-title elementor-size-default\">Informacje o wydawcy<\/h2>\t\t\t\t<\/div>\n\t\t\t\t\t<\/div>\n\t\t\t\t<\/div>\n\t\t<div class=\"elementor-element elementor-element-d18e5a6 e-flex e-con-boxed e-con e-parent\" data-id=\"d18e5a6\" data-element_type=\"container\" data-e-type=\"container\">\n\t\t\t\t\t<div class=\"e-con-inner\">\n\t\t\t\t<div class=\"elementor-element elementor-element-fd3ab82 elementor-widget elementor-widget-text-editor\" data-id=\"fd3ab82\" data-element_type=\"widget\" data-e-type=\"widget\" data-widget_type=\"text-editor.default\">\n\t\t\t\t\t\t\t\t\t<p><strong><b>Informacje o wydawcy<\/b><\/strong><\/p><p><strong><b>Informacje zgodnie z \u00a7 5 DDG (Ustawa o us\u0142ugach cyfrowych)<\/b><\/strong><\/p><p class=\" translation-block\"><strong><b>Chaker Living GmbH<\/b><\/strong><br>Mittagsweg 43<br>26133 Oldenburg<\/p><p class=\" translation-block\">Reprezentowany przez prezesa zarz\u0105du:<br>Hozan Chaker<\/p><p class=\" translation-block\">Rejestr handlowy: S\u0105d Rejonowy Oldenburg, HRB 220914<br>Numer identyfikacji VAT zgodnie z \u00a7 27a UStG: DE368654959<\/p><p><strong><b>Kontakt<\/b><\/strong><\/p><p>Telefon: +49 155 654 118 26<br \/>E-mail: info@chaker-living.com<\/p><p><strong><b>Odpowiedzialny za tre\u015b\u0107 zgodnie z \u00a7 18 ust. 2 MStV<\/b><\/strong><\/p><p class=\" translation-block\">Hozan Chaker<br>Mittagsweg 43<br>26133 Oldenburg<\/p><p><strong><b>Wy\u0142\u0105czenie odpowiedzialno\u015bci<\/b><\/strong><\/p><p class=\" translation-block\"><strong><b>Odpowiedzialno\u015b\u0107 za tre\u015bci<\/b><\/strong><br>Jako us\u0142ugodawca odpowiadamy za w\u0142asne tre\u015bci na tych stronach zgodnie z \u00a7 7 ust. 1 DDG oraz og\u00f3lnymi przepisami prawa. Zgodnie z \u00a7\u00a7 8\u201310 DDG nie jeste\u015bmy jednak zobowi\u0105zani do monitorowania przesy\u0142anych lub przechowywanych informacji os\u00f3b trzecich ani do badania okoliczno\u015bci wskazuj\u0105cych na dzia\u0142alno\u015b\u0107 niezgodn\u0105 z prawem. Obowi\u0105zki usuwania lub blokowania korzystania z informacji zgodnie z og\u00f3lnymi przepisami prawa pozostaj\u0105 bez zmian. Odpowiedzialno\u015b\u0107 w tym zakresie jest mo\u017cliwa dopiero od momentu uzyskania wiedzy o konkretnym naruszeniu prawa. Po uzyskaniu informacji o naruszeniach prawa takie tre\u015bci zostan\u0105 niezw\u0142ocznie usuni\u0119te.<\/p><p class=\" translation-block\"><strong><b>Odpowiedzialno\u015b\u0107 za linki<\/b><\/strong><br>Nasza oferta zawiera linki do zewn\u0119trznych stron internetowych os\u00f3b trzecich, nad tre\u015bci\u0105 kt\u00f3rych nie mamy wp\u0142ywu. Dlatego nie mo\u017cemy ponosi\u0107 odpowiedzialno\u015bci za te tre\u015bci zewn\u0119trzne. Za zawarto\u015b\u0107 linkowanych stron zawsze odpowiada odpowiedni dostawca lub operator. Nielegalne tre\u015bci nie by\u0142y rozpoznawalne w momencie umieszczenia linku. Sta\u0142a kontrola zawarto\u015bci linkowanych stron nie jest uzasadniona bez konkretnych przes\u0142anek naruszenia prawa. Po uzyskaniu informacji o naruszeniach prawa takie linki zostan\u0105 niezw\u0142ocznie usuni\u0119te.<\/p><p><strong><b>Prawo autorskie<\/b><\/strong><\/p><p>Tre\u015bci i dzie\u0142a tworzone przez operator\u00f3w stron na tych stronach podlegaj\u0105 niemieckiemu prawu autorskiemu. Wk\u0142ady os\u00f3b trzecich s\u0105 oznaczone jako takie. Powielanie, edycja, dystrybucja i jakiekolwiek wykorzystanie poza granicami prawa autorskiego wymaga pisemnej zgody odpowiedniego autora lub tw\u00f3rcy. Pobieranie i kopiowanie tej strony jest dozwolone wy\u0142\u0105cznie do u\u017cytku prywatnego, niekomercyjnego.<\/p><p><strong><b>Informacja o rozstrzyganiu spor\u00f3w zgodnie z VSBG<\/b><\/strong><\/p><p>Nie jeste\u015bmy zobowi\u0105zani ani gotowi do udzia\u0142u w post\u0119powaniach rozstrzygania spor\u00f3w przed konsumenck\u0105 komisj\u0105 arbitra\u017cow\u0105.<\/p>\t\t\t\t\t\t\t\t<\/div>\n\t\t\t\t\t<\/div>\n\t\t\t\t<\/div>\n\t\t\t\t<\/div>","protected":false},"excerpt":{"rendered":"<p>Impressum Impressum Angaben gem\u00e4\u00df \u00a7 5 DDG (Digitale-Dienste-Gesetz) Chaker Living GmbHMittagsweg 4326133 Oldenburg Vertreten durch den Gesch\u00e4ftsf\u00fchrer:Hozan Chaker Handelsregister: Amtsgericht Oldenburg, HRB 220914Umsatzsteuer-Identifikationsnummer gem\u00e4\u00df \u00a7 27a UStG: DE368654959 Kontakt Telefon: +49 155 654 118 26E-Mail: info@chaker-living.com Verantwortlich f\u00fcr den Inhalt nach \u00a7 18 Abs. 2 MStV Hozan ChakerMittagsweg 4326133 Oldenburg Haftungsausschluss Haftung f\u00fcr InhalteAls Diensteanbieter [&hellip;]<\/p>\n","protected":false},"author":2,"featured_media":0,"parent":0,"menu_order":0,"comment_status":"closed","ping_status":"closed","template":"elementor_header_footer","meta":{"footnotes":""},"class_list":["post-1667","page","type-page","status-publish","hentry"],"_links":{"self":[{"href":"https:\/\/chaker-living.com\/pl\/wp-json\/wp\/v2\/pages\/1667","targetHints":{"allow":["GET"]}}],"collection":[{"href":"https:\/\/chaker-living.com\/pl\/wp-json\/wp\/v2\/pages"}],"about":[{"href":"https:\/\/chaker-living.com\/pl\/wp-json\/wp\/v2\/types\/page"}],"author":[{"embeddable":true,"href":"https:\/\/chaker-living.com\/pl\/wp-json\/wp\/v2\/users\/2"}],"replies":[{"embeddable":true,"href":"https:\/\/chaker-living.com\/pl\/wp-json\/wp\/v2\/comments?post=1667"}],"version-history":[{"count":19,"href":"https:\/\/chaker-living.com\/pl\/wp-json\/wp\/v2\/pages\/1667\/revisions"}],"predecessor-version":[{"id":2797,"href":"https:\/\/chaker-living.com\/pl\/wp-json\/wp\/v2\/pages\/1667\/revisions\/2797"}],"wp:attachment":[{"href":"https:\/\/chaker-living.com\/pl\/wp-json\/wp\/v2\/media?parent=1667"}],"curies":[{"name":"wp","href":"https:\/\/api.w.org\/{rel}","templated":true}]}}