{"id":1667,"date":"2025-09-01T13:16:17","date_gmt":"2025-09-01T13:16:17","guid":{"rendered":"https:\/\/chaker-living.com\/?page_id=1667"},"modified":"2026-04-17T11:57:00","modified_gmt":"2026-04-17T09:57:00","slug":"impressum","status":"publish","type":"page","link":"https:\/\/chaker-living.com\/nl\/impressum\/","title":{"rendered":"Impressum"},"content":{"rendered":"<style>.elementor-1667 .elementor-element.elementor-element-e496980{--display:flex;--min-height:66vh;--flex-direction:column;--container-widget-width:calc( ( 1 - var( --container-widget-flex-grow ) ) * 100% );--container-widget-height:initial;--container-widget-flex-grow:0;--container-widget-align-self:initial;--flex-wrap-mobile:wrap;--justify-content:center;--align-items:center;--gap:26px 26px;--row-gap:26px;--column-gap:26px;--overlay-opacity:0.3;--margin-top:-157px;--margin-bottom:0px;--margin-left:0px;--margin-right:0px;}.elementor-1667 .elementor-element.elementor-element-e496980:not(.elementor-motion-effects-element-type-background), .elementor-1667 .elementor-element.elementor-element-e496980 > .elementor-motion-effects-container > .elementor-motion-effects-layer{background-image:url(\"https:\/\/chaker-living.com\/wp-content\/uploads\/2025\/07\/WhatsApp-Image-2025-07-07-at-21.03.25_94188b27.webp\");background-position:center center;background-repeat:no-repeat;background-size:cover;}.elementor-1667 .elementor-element.elementor-element-e496980::before, .elementor-1667 .elementor-element.elementor-element-e496980 > .elementor-background-video-container::before, .elementor-1667 .elementor-element.elementor-element-e496980 > .e-con-inner > .elementor-background-video-container::before, .elementor-1667 .elementor-element.elementor-element-e496980 > .elementor-background-slideshow::before, .elementor-1667 .elementor-element.elementor-element-e496980 > .e-con-inner > .elementor-background-slideshow::before, .elementor-1667 .elementor-element.elementor-element-e496980 > .elementor-motion-effects-container > .elementor-motion-effects-layer::before{--background-overlay:'';background-color:#000000;}.elementor-1667 .elementor-element.elementor-element-dbece65 .elementor-heading-title{font-family:\"Playfair Display\", Sans-serif;font-size:80px;font-weight:500;text-transform:none;font-style:normal;text-decoration:none;line-height:1.15em;letter-spacing:-0.02em;color:#FFFFFF;}.elementor-1667 .elementor-element.elementor-element-d18e5a6{--display:flex;--flex-direction:column;--container-widget-width:100%;--container-widget-height:initial;--container-widget-flex-grow:0;--container-widget-align-self:initial;--flex-wrap-mobile:wrap;--padding-top:80px;--padding-bottom:80px;--padding-left:20px;--padding-right:20px;}.elementor-1667 .elementor-element.elementor-element-fd3ab82{font-size:15px;color:var( --e-global-color-secondary );}@media(max-width:1024px){.elementor-1667 .elementor-element.elementor-element-e496980{--gap:20px 20px;--row-gap:20px;--column-gap:20px;}.elementor-1667 .elementor-element.elementor-element-dbece65 .elementor-heading-title{font-size:72px;line-height:1.15em;letter-spacing:-0.02em;}}@media(max-width:767px){.elementor-1667 .elementor-element.elementor-element-e496980{--min-height:53vh;}.elementor-1667 .elementor-element.elementor-element-dbece65 .elementor-heading-title{font-size:33px;line-height:1.15em;letter-spacing:-0.02em;}.elementor-1667 .elementor-element.elementor-element-d18e5a6{--padding-top:60px;--padding-bottom:60px;--padding-left:10px;--padding-right:10px;}}<\/style>\t\t<div data-elementor-type=\"wp-page\" data-elementor-id=\"1667\" class=\"elementor elementor-1667\" data-elementor-post-type=\"page\">\n\t\t\t\t<div class=\"elementor-element elementor-element-e496980 e-flex e-con-boxed e-con e-parent\" data-id=\"e496980\" data-element_type=\"container\" data-e-type=\"container\" data-settings=\"{&quot;background_background&quot;:&quot;classic&quot;}\">\n\t\t\t\t\t<div class=\"e-con-inner\">\n\t\t\t\t<div class=\"elementor-element elementor-element-dbece65 elementor-widget elementor-widget-heading\" data-id=\"dbece65\" data-element_type=\"widget\" data-e-type=\"widget\" data-widget_type=\"heading.default\">\n\t\t\t\t\t<h2 class=\"elementor-heading-title elementor-size-default\">Impressum<\/h2>\t\t\t\t<\/div>\n\t\t\t\t\t<\/div>\n\t\t\t\t<\/div>\n\t\t<div class=\"elementor-element elementor-element-d18e5a6 e-flex e-con-boxed e-con e-parent\" data-id=\"d18e5a6\" data-element_type=\"container\" data-e-type=\"container\">\n\t\t\t\t\t<div class=\"e-con-inner\">\n\t\t\t\t<div class=\"elementor-element elementor-element-fd3ab82 elementor-widget elementor-widget-text-editor\" data-id=\"fd3ab82\" data-element_type=\"widget\" data-e-type=\"widget\" data-widget_type=\"text-editor.default\">\n\t\t\t\t\t\t\t\t\t<p><strong><b>Impressum<\/b><\/strong><\/p><p><strong><b>Gegevens volgens \u00a7 5 DDG (Digitale-Diensten-Gesetz)<\/b><\/strong><\/p><p class=\" translation-block\"><strong><b>Chaker Living GmbH<\/b><\/strong><br>Mittagsweg 43<br>26133 Oldenburg<\/p><p class=\" translation-block\">Vertegenwoordigd door de algemeen directeur:<br>Hozan Chaker<\/p><p class=\" translation-block\">Handelsregister: Amtsgericht Oldenburg, HRB 220914<br>BTW-identificatienummer volgens \u00a7 27a UStG: DE368654959<\/p><p><strong><b>Contact<\/b><\/strong><\/p><p>Telefoon: +49 155 654 118 26<br \/>E-mail: info@chaker-living.com<\/p><p><strong><b>Verantwoordelijk voor de inhoud volgens \u00a7 18(2) MStV<\/b><\/strong><\/p><p class=\" translation-block\">Hozan Chaker<br>Mittagsweg 43<br>26133 Oldenburg<\/p><p><strong><b>Disclaimer<\/b><\/strong><\/p><p class=\" translation-block\"><strong><b>Aansprakelijkheid voor inhoud<\/b><\/strong><br>Als dienstverlener zijn wij verantwoordelijk voor onze eigen inhoud op deze pagina\u2019s volgens \u00a7 7(1) DDG en de algemene wetten. Volgens \u00a7\u00a7 8\u201310 DDG zijn wij echter niet verplicht om verzonden of opgeslagen informatie van derden te controleren of te onderzoeken die wijzen op illegale activiteiten. Verplichtingen om informatie te verwijderen of het gebruik ervan te blokkeren volgens de algemene wetten blijven onaangetast. Aansprakelijkheid hiervoor is pas mogelijk vanaf het moment dat wij kennis hebben van een concrete rechtschending. Bij bekend worden van dergelijke schendingen worden deze inhoud direct verwijderd.<\/p><p class=\" translation-block\"><strong><b>Aansprakelijkheid voor links<\/b><\/strong><br>Ons aanbod bevat links naar externe websites van derden, over wiens inhoud wij geen invloed hebben. Daarom kunnen wij geen aansprakelijkheid aanvaarden voor deze externe inhoud. De respectieve aanbieder of beheerder is altijd verantwoordelijk voor de inhoud van de gelinkte pagina\u2019s. Illegale inhoud was bij het plaatsen van de link niet herkenbaar. Permanente inhoudelijke controle van de gelinkte pagina\u2019s is niet redelijk zonder concrete aanwijzingen voor een rechtschending. Bij bekend worden van rechtschendingen worden dergelijke links onmiddellijk verwijderd.<\/p><p><strong><b>Auteursrecht<\/b><\/strong><\/p><p>De door de site-exploitanten gemaakte inhoud en werken op deze pagina\u2019s vallen onder het Duitse auteursrecht. Inzendingen van derden zijn als zodanig gemarkeerd. Vermenigvuldiging, bewerking, verspreiding en elk soort exploitatie buiten de grenzen van het auteursrecht vereist schriftelijke toestemming van de betreffende auteur of maker. Downloads en kopie\u00ebn van deze pagina zijn alleen toegestaan voor priv\u00e9, niet-commercieel gebruik.<\/p><p><strong><b>Opmerking over geschillenbeslechting volgens VSBG<\/b><\/strong><\/p><p>Wij zijn niet verplicht en niet bereid deel te nemen aan geschillenbeslechtingsprocedures voor een consumenten-arbitragecommissie.<\/p>\t\t\t\t\t\t\t\t<\/div>\n\t\t\t\t\t<\/div>\n\t\t\t\t<\/div>\n\t\t\t\t<\/div>","protected":false},"excerpt":{"rendered":"<p>Impressum Impressum Angaben gem\u00e4\u00df \u00a7 5 DDG (Digitale-Dienste-Gesetz) Chaker Living GmbHMittagsweg 4326133 Oldenburg Vertreten durch den Gesch\u00e4ftsf\u00fchrer:Hozan Chaker Handelsregister: Amtsgericht Oldenburg, HRB 220914Umsatzsteuer-Identifikationsnummer gem\u00e4\u00df \u00a7 27a UStG: DE368654959 Kontakt Telefon: +49 155 654 118 26E-Mail: info@chaker-living.com Verantwortlich f\u00fcr den Inhalt nach \u00a7 18 Abs. 2 MStV Hozan ChakerMittagsweg 4326133 Oldenburg Haftungsausschluss Haftung f\u00fcr InhalteAls Diensteanbieter [&hellip;]<\/p>\n","protected":false},"author":2,"featured_media":0,"parent":0,"menu_order":0,"comment_status":"closed","ping_status":"closed","template":"elementor_header_footer","meta":{"footnotes":""},"class_list":["post-1667","page","type-page","status-publish","hentry"],"_links":{"self":[{"href":"https:\/\/chaker-living.com\/nl\/wp-json\/wp\/v2\/pages\/1667","targetHints":{"allow":["GET"]}}],"collection":[{"href":"https:\/\/chaker-living.com\/nl\/wp-json\/wp\/v2\/pages"}],"about":[{"href":"https:\/\/chaker-living.com\/nl\/wp-json\/wp\/v2\/types\/page"}],"author":[{"embeddable":true,"href":"https:\/\/chaker-living.com\/nl\/wp-json\/wp\/v2\/users\/2"}],"replies":[{"embeddable":true,"href":"https:\/\/chaker-living.com\/nl\/wp-json\/wp\/v2\/comments?post=1667"}],"version-history":[{"count":19,"href":"https:\/\/chaker-living.com\/nl\/wp-json\/wp\/v2\/pages\/1667\/revisions"}],"predecessor-version":[{"id":2797,"href":"https:\/\/chaker-living.com\/nl\/wp-json\/wp\/v2\/pages\/1667\/revisions\/2797"}],"wp:attachment":[{"href":"https:\/\/chaker-living.com\/nl\/wp-json\/wp\/v2\/media?parent=1667"}],"curies":[{"name":"wp","href":"https:\/\/api.w.org\/{rel}","templated":true}]}}