{"id":1667,"date":"2025-09-01T13:16:17","date_gmt":"2025-09-01T13:16:17","guid":{"rendered":"https:\/\/chaker-living.com\/?page_id=1667"},"modified":"2026-04-17T11:57:00","modified_gmt":"2026-04-17T09:57:00","slug":"impressum","status":"publish","type":"page","link":"https:\/\/chaker-living.com\/fr\/impressum\/","title":{"rendered":"Mentions l\u00e9gales"},"content":{"rendered":"<style>.elementor-1667 .elementor-element.elementor-element-e496980{--display:flex;--min-height:66vh;--flex-direction:column;--container-widget-width:calc( ( 1 - var( --container-widget-flex-grow ) ) * 100% );--container-widget-height:initial;--container-widget-flex-grow:0;--container-widget-align-self:initial;--flex-wrap-mobile:wrap;--justify-content:center;--align-items:center;--gap:26px 26px;--row-gap:26px;--column-gap:26px;--overlay-opacity:0.3;--margin-top:-157px;--margin-bottom:0px;--margin-left:0px;--margin-right:0px;}.elementor-1667 .elementor-element.elementor-element-e496980:not(.elementor-motion-effects-element-type-background), .elementor-1667 .elementor-element.elementor-element-e496980 > .elementor-motion-effects-container > .elementor-motion-effects-layer{background-image:url(\"https:\/\/chaker-living.com\/wp-content\/uploads\/2025\/07\/WhatsApp-Image-2025-07-07-at-21.03.25_94188b27.webp\");background-position:center center;background-repeat:no-repeat;background-size:cover;}.elementor-1667 .elementor-element.elementor-element-e496980::before, .elementor-1667 .elementor-element.elementor-element-e496980 > .elementor-background-video-container::before, .elementor-1667 .elementor-element.elementor-element-e496980 > .e-con-inner > .elementor-background-video-container::before, .elementor-1667 .elementor-element.elementor-element-e496980 > .elementor-background-slideshow::before, .elementor-1667 .elementor-element.elementor-element-e496980 > .e-con-inner > .elementor-background-slideshow::before, .elementor-1667 .elementor-element.elementor-element-e496980 > .elementor-motion-effects-container > .elementor-motion-effects-layer::before{--background-overlay:'';background-color:#000000;}.elementor-1667 .elementor-element.elementor-element-dbece65 .elementor-heading-title{font-family:\"Playfair Display\", Sans-serif;font-size:80px;font-weight:500;text-transform:none;font-style:normal;text-decoration:none;line-height:1.15em;letter-spacing:-0.02em;color:#FFFFFF;}.elementor-1667 .elementor-element.elementor-element-d18e5a6{--display:flex;--flex-direction:column;--container-widget-width:100%;--container-widget-height:initial;--container-widget-flex-grow:0;--container-widget-align-self:initial;--flex-wrap-mobile:wrap;--padding-top:80px;--padding-bottom:80px;--padding-left:20px;--padding-right:20px;}.elementor-1667 .elementor-element.elementor-element-fd3ab82{font-size:15px;color:var( --e-global-color-secondary );}@media(max-width:1024px){.elementor-1667 .elementor-element.elementor-element-e496980{--gap:20px 20px;--row-gap:20px;--column-gap:20px;}.elementor-1667 .elementor-element.elementor-element-dbece65 .elementor-heading-title{font-size:72px;line-height:1.15em;letter-spacing:-0.02em;}}@media(max-width:767px){.elementor-1667 .elementor-element.elementor-element-e496980{--min-height:53vh;}.elementor-1667 .elementor-element.elementor-element-dbece65 .elementor-heading-title{font-size:33px;line-height:1.15em;letter-spacing:-0.02em;}.elementor-1667 .elementor-element.elementor-element-d18e5a6{--padding-top:60px;--padding-bottom:60px;--padding-left:10px;--padding-right:10px;}}<\/style>\t\t<div data-elementor-type=\"wp-page\" data-elementor-id=\"1667\" class=\"elementor elementor-1667\" data-elementor-post-type=\"page\">\n\t\t\t\t<div class=\"elementor-element elementor-element-e496980 e-flex e-con-boxed e-con e-parent\" data-id=\"e496980\" data-element_type=\"container\" data-e-type=\"container\" data-settings=\"{&quot;background_background&quot;:&quot;classic&quot;}\">\n\t\t\t\t\t<div class=\"e-con-inner\">\n\t\t\t\t<div class=\"elementor-element elementor-element-dbece65 elementor-widget elementor-widget-heading\" data-id=\"dbece65\" data-element_type=\"widget\" data-e-type=\"widget\" data-widget_type=\"heading.default\">\n\t\t\t\t\t<h2 class=\"elementor-heading-title elementor-size-default\">Mentions l\u00e9gales<\/h2>\t\t\t\t<\/div>\n\t\t\t\t\t<\/div>\n\t\t\t\t<\/div>\n\t\t<div class=\"elementor-element elementor-element-d18e5a6 e-flex e-con-boxed e-con e-parent\" data-id=\"d18e5a6\" data-element_type=\"container\" data-e-type=\"container\">\n\t\t\t\t\t<div class=\"e-con-inner\">\n\t\t\t\t<div class=\"elementor-element elementor-element-fd3ab82 elementor-widget elementor-widget-text-editor\" data-id=\"fd3ab82\" data-element_type=\"widget\" data-e-type=\"widget\" data-widget_type=\"text-editor.default\">\n\t\t\t\t\t\t\t\t\t<p><strong><b>Mentions l\u00e9gales<\/b><\/strong><\/p><p><strong><b>Informations conform\u00e9ment au \u00a7 5 DDG (Loi sur les services num\u00e9riques)<\/b><\/strong><\/p><p class=\" translation-block\"><strong><b>Chaker Living GmbH<\/b><\/strong><br>Mittagsweg 43<br>26133 Oldenburg<\/p><p class=\" translation-block\">Repr\u00e9sent\u00e9 par le directeur g\u00e9n\u00e9ral :<br>Hozan Chaker<\/p><p class=\" translation-block\">Registre du commerce : Tribunal local d\u2019Oldenburg, HRB 220914<br>Num\u00e9ro d\u2019identification TVA selon \u00a7 27a UStG : DE368654959<\/p><p><strong><b>Contact<\/b><\/strong><\/p><p>T\u00e9l\u00e9phone : +49 155 654 118 26<br \/>Courrier \u00e9lectronique : info@chaker-living.com<\/p><p><strong><b>Responsable du contenu selon \u00a7 18(2) MStV<\/b><\/strong><\/p><p class=\" translation-block\">Hozan Chaker<br>Mittagsweg 43<br>26133 Oldenburg<\/p><p><strong><b>Clause de non-responsabilit\u00e9<\/b><\/strong><\/p><p class=\" translation-block\"><strong><b>Responsabilit\u00e9 du contenu<\/b><\/strong><br>En tant que fournisseur de services, nous sommes responsables de nos propres contenus sur ces pages conform\u00e9ment au \u00a7 7(1) DDG et aux lois g\u00e9n\u00e9rales. Selon \u00a7\u00a7 8 \u00e0 10 DDG, nous ne sommes toutefois pas oblig\u00e9s de contr\u00f4ler les informations tierces transmises ou stock\u00e9es ni d\u2019enqu\u00eater sur des circonstances indiquant une activit\u00e9 ill\u00e9gale. Les obligations de suppression ou de blocage de l\u2019utilisation des informations selon les lois g\u00e9n\u00e9rales restent inchang\u00e9es. La responsabilit\u00e9 \u00e0 cet \u00e9gard n\u2019est possible qu\u2019\u00e0 partir du moment o\u00f9 nous prenons connaissance d\u2019une violation sp\u00e9cifique. D\u00e8s que nous en prenons connaissance, ces contenus sont imm\u00e9diatement supprim\u00e9s.<\/p><p class=\" translation-block\"><strong><b>Responsabilit\u00e9 pour les liens<\/b><\/strong><br>Notre offre contient des liens vers des sites web externes de tiers sur lesquels nous n\u2019avons aucune influence. Par cons\u00e9quent, nous ne pouvons assumer aucune responsabilit\u00e9 pour ces contenus externes. Le fournisseur ou l\u2019op\u00e9rateur respectif est toujours responsable du contenu des pages li\u00e9es. Le contenu ill\u00e9gal n\u2019\u00e9tait pas reconnaissable au moment du lien. Un contr\u00f4le permanent du contenu des pages li\u00e9es n\u2019est pas raisonnable sans indications concr\u00e8tes d\u2019une violation du droit. D\u00e8s que nous en prenons connaissance, ces liens sont imm\u00e9diatement supprim\u00e9s.<\/p><p><strong><b>Droits d\u2019auteur<\/b><\/strong><\/p><p>Les contenus et \u0153uvres cr\u00e9\u00e9s par les op\u00e9rateurs du site sur ces pages sont soumis au droit d\u2019auteur allemand. Les contributions de tiers sont indiqu\u00e9es comme telles. La reproduction, l\u2019\u00e9dition, la diffusion et toute exploitation en dehors des limites du droit d\u2019auteur n\u00e9cessitent le consentement \u00e9crit de l\u2019auteur ou cr\u00e9ateur concern\u00e9. Les t\u00e9l\u00e9chargements et copies de cette page sont autoris\u00e9s uniquement pour un usage priv\u00e9 et non commercial.<\/p><p><strong><b>Remarque sur le r\u00e8glement des litiges selon le VSBG<\/b><\/strong><\/p><p>Nous ne sommes ni oblig\u00e9s ni dispos\u00e9s \u00e0 participer \u00e0 des proc\u00e9dures de r\u00e8glement des litiges devant un organisme de m\u00e9diation pour consommateurs.<\/p>\t\t\t\t\t\t\t\t<\/div>\n\t\t\t\t\t<\/div>\n\t\t\t\t<\/div>\n\t\t\t\t<\/div>","protected":false},"excerpt":{"rendered":"<p>Impressum Impressum Angaben gem\u00e4\u00df \u00a7 5 DDG (Digitale-Dienste-Gesetz) Chaker Living GmbHMittagsweg 4326133 Oldenburg Vertreten durch den Gesch\u00e4ftsf\u00fchrer:Hozan Chaker Handelsregister: Amtsgericht Oldenburg, HRB 220914Umsatzsteuer-Identifikationsnummer gem\u00e4\u00df \u00a7 27a UStG: DE368654959 Kontakt Telefon: +49 155 654 118 26E-Mail: info@chaker-living.com Verantwortlich f\u00fcr den Inhalt nach \u00a7 18 Abs. 2 MStV Hozan ChakerMittagsweg 4326133 Oldenburg Haftungsausschluss Haftung f\u00fcr InhalteAls Diensteanbieter [&hellip;]<\/p>\n","protected":false},"author":2,"featured_media":0,"parent":0,"menu_order":0,"comment_status":"closed","ping_status":"closed","template":"elementor_header_footer","meta":{"footnotes":""},"class_list":["post-1667","page","type-page","status-publish","hentry"],"_links":{"self":[{"href":"https:\/\/chaker-living.com\/fr\/wp-json\/wp\/v2\/pages\/1667","targetHints":{"allow":["GET"]}}],"collection":[{"href":"https:\/\/chaker-living.com\/fr\/wp-json\/wp\/v2\/pages"}],"about":[{"href":"https:\/\/chaker-living.com\/fr\/wp-json\/wp\/v2\/types\/page"}],"author":[{"embeddable":true,"href":"https:\/\/chaker-living.com\/fr\/wp-json\/wp\/v2\/users\/2"}],"replies":[{"embeddable":true,"href":"https:\/\/chaker-living.com\/fr\/wp-json\/wp\/v2\/comments?post=1667"}],"version-history":[{"count":19,"href":"https:\/\/chaker-living.com\/fr\/wp-json\/wp\/v2\/pages\/1667\/revisions"}],"predecessor-version":[{"id":2797,"href":"https:\/\/chaker-living.com\/fr\/wp-json\/wp\/v2\/pages\/1667\/revisions\/2797"}],"wp:attachment":[{"href":"https:\/\/chaker-living.com\/fr\/wp-json\/wp\/v2\/media?parent=1667"}],"curies":[{"name":"wp","href":"https:\/\/api.w.org\/{rel}","templated":true}]}}