{"id":1667,"date":"2025-09-01T13:16:17","date_gmt":"2025-09-01T13:16:17","guid":{"rendered":"https:\/\/chaker-living.com\/?page_id=1667"},"modified":"2026-04-17T11:57:00","modified_gmt":"2026-04-17T09:57:00","slug":"impressum","status":"publish","type":"page","link":"https:\/\/chaker-living.com\/en\/impressum\/","title":{"rendered":"Imprint"},"content":{"rendered":"<style>.elementor-1667 .elementor-element.elementor-element-e496980{--display:flex;--min-height:66vh;--flex-direction:column;--container-widget-width:calc( ( 1 - var( --container-widget-flex-grow ) ) * 100% );--container-widget-height:initial;--container-widget-flex-grow:0;--container-widget-align-self:initial;--flex-wrap-mobile:wrap;--justify-content:center;--align-items:center;--gap:26px 26px;--row-gap:26px;--column-gap:26px;--overlay-opacity:0.3;--margin-top:-157px;--margin-bottom:0px;--margin-left:0px;--margin-right:0px;}.elementor-1667 .elementor-element.elementor-element-e496980:not(.elementor-motion-effects-element-type-background), .elementor-1667 .elementor-element.elementor-element-e496980 > .elementor-motion-effects-container > .elementor-motion-effects-layer{background-image:url(\"https:\/\/chaker-living.com\/wp-content\/uploads\/2025\/07\/WhatsApp-Image-2025-07-07-at-21.03.25_94188b27.webp\");background-position:center center;background-repeat:no-repeat;background-size:cover;}.elementor-1667 .elementor-element.elementor-element-e496980::before, .elementor-1667 .elementor-element.elementor-element-e496980 > .elementor-background-video-container::before, .elementor-1667 .elementor-element.elementor-element-e496980 > .e-con-inner > .elementor-background-video-container::before, .elementor-1667 .elementor-element.elementor-element-e496980 > .elementor-background-slideshow::before, .elementor-1667 .elementor-element.elementor-element-e496980 > .e-con-inner > .elementor-background-slideshow::before, .elementor-1667 .elementor-element.elementor-element-e496980 > .elementor-motion-effects-container > .elementor-motion-effects-layer::before{--background-overlay:'';background-color:#000000;}.elementor-1667 .elementor-element.elementor-element-dbece65 .elementor-heading-title{font-family:\"Playfair Display\", Sans-serif;font-size:80px;font-weight:500;text-transform:none;font-style:normal;text-decoration:none;line-height:1.15em;letter-spacing:-0.02em;color:#FFFFFF;}.elementor-1667 .elementor-element.elementor-element-d18e5a6{--display:flex;--flex-direction:column;--container-widget-width:100%;--container-widget-height:initial;--container-widget-flex-grow:0;--container-widget-align-self:initial;--flex-wrap-mobile:wrap;--padding-top:80px;--padding-bottom:80px;--padding-left:20px;--padding-right:20px;}.elementor-1667 .elementor-element.elementor-element-fd3ab82{font-size:15px;color:var( --e-global-color-secondary );}@media(max-width:1024px){.elementor-1667 .elementor-element.elementor-element-e496980{--gap:20px 20px;--row-gap:20px;--column-gap:20px;}.elementor-1667 .elementor-element.elementor-element-dbece65 .elementor-heading-title{font-size:72px;line-height:1.15em;letter-spacing:-0.02em;}}@media(max-width:767px){.elementor-1667 .elementor-element.elementor-element-e496980{--min-height:53vh;}.elementor-1667 .elementor-element.elementor-element-dbece65 .elementor-heading-title{font-size:33px;line-height:1.15em;letter-spacing:-0.02em;}.elementor-1667 .elementor-element.elementor-element-d18e5a6{--padding-top:60px;--padding-bottom:60px;--padding-left:10px;--padding-right:10px;}}<\/style>\t\t<div data-elementor-type=\"wp-page\" data-elementor-id=\"1667\" class=\"elementor elementor-1667\" data-elementor-post-type=\"page\">\n\t\t\t\t<div class=\"elementor-element elementor-element-e496980 e-flex e-con-boxed e-con e-parent\" data-id=\"e496980\" data-element_type=\"container\" data-e-type=\"container\" data-settings=\"{&quot;background_background&quot;:&quot;classic&quot;}\">\n\t\t\t\t\t<div class=\"e-con-inner\">\n\t\t\t\t<div class=\"elementor-element elementor-element-dbece65 elementor-widget elementor-widget-heading\" data-id=\"dbece65\" data-element_type=\"widget\" data-e-type=\"widget\" data-widget_type=\"heading.default\">\n\t\t\t\t\t<h2 class=\"elementor-heading-title elementor-size-default\">Imprint<\/h2>\t\t\t\t<\/div>\n\t\t\t\t\t<\/div>\n\t\t\t\t<\/div>\n\t\t<div class=\"elementor-element elementor-element-d18e5a6 e-flex e-con-boxed e-con e-parent\" data-id=\"d18e5a6\" data-element_type=\"container\" data-e-type=\"container\">\n\t\t\t\t\t<div class=\"e-con-inner\">\n\t\t\t\t<div class=\"elementor-element elementor-element-fd3ab82 elementor-widget elementor-widget-text-editor\" data-id=\"fd3ab82\" data-element_type=\"widget\" data-e-type=\"widget\" data-widget_type=\"text-editor.default\">\n\t\t\t\t\t\t\t\t\t<p><strong><b>Imprint<\/b><\/strong><\/p><p><strong><b>Information according to \u00a7 5 DDG (Digital Services Act)<\/b><\/strong><\/p><p class=\" translation-block\"><strong><b>Chaker Living GmbH<\/b><\/strong><br>Mittagsweg 43<br>26133 Oldenburg<\/p><p class=\" translation-block\">Represented by the Managing Director:<br>Hozan Chaker<\/p><p class=\" translation-block\">Commercial Register: Local Court Oldenburg, HRB 220914<br>VAT Identification Number according to \u00a7 27a UStG: DE368654959<\/p><p><strong><b>Contact<\/b><\/strong><\/p><p>Phone: +49 155 654 118 26<br \/>E-mail: info@chaker-living.com<\/p><p><strong><b>Verantwortlich f\u00fcr den Inhalt nach \u00a7 18 Abs. 2 MStV<\/b><\/strong><\/p><p class=\" translation-block\">Hozan Chaker<br>Mittagsweg 43<br>26133 Oldenburg<\/p><p><strong><b>Disclaimer<\/b><\/strong><\/p><p class=\" translation-block\"><strong><b>Liability for content<\/b><\/strong><br>As a service provider, we are responsible for our own content on these pages in accordance with \u00a7 7(1) DDG and the general laws. According to \u00a7\u00a7 8 to 10 DDG, however, we are not obliged to monitor transmitted or stored third-party information or investigate circumstances indicating illegal activity. Obligations to remove or block the use of information under general laws remain unaffected. Liability in this regard is only possible from the time of knowledge of a specific legal violation. Upon becoming aware of such legal violations, these contents will be removed immediately.<\/p><p class=\" translation-block\"><strong><b>Liability for links<\/b><\/strong><br>Our offer contains links to external websites of third parties over whose content we have no influence. Therefore, we cannot assume any liability for these external contents. The respective provider or operator is always responsible for the content of the linked pages. Illegal content was not recognizable at the time of linking. Permanent content control of the linked pages is not reasonable without concrete indications of a legal violation. Upon becoming aware of legal violations, such links will be removed immediately.<\/p><p><strong><b>Copyright<\/b><\/strong><\/p><p>The content and works created by the site operators on these pages are subject to German copyright law. Third-party contributions are marked as such. Reproduction, editing, distribution, and any kind of exploitation outside the limits of copyright require the written consent of the respective author or creator. Downloads and copies of this page are permitted only for private, non-commercial use.<\/p><p><strong><b>Note on dispute resolution according to VSBG<\/b><\/strong><\/p><p>We are not obliged and not willing to participate in dispute resolution procedures before a consumer arbitration board.<\/p>\t\t\t\t\t\t\t\t<\/div>\n\t\t\t\t\t<\/div>\n\t\t\t\t<\/div>\n\t\t\t\t<\/div>","protected":false},"excerpt":{"rendered":"<p>Impressum Impressum Angaben gem\u00e4\u00df \u00a7 5 DDG (Digitale-Dienste-Gesetz) Chaker Living GmbHMittagsweg 4326133 Oldenburg Vertreten durch den Gesch\u00e4ftsf\u00fchrer:Hozan Chaker Handelsregister: Amtsgericht Oldenburg, HRB 220914Umsatzsteuer-Identifikationsnummer gem\u00e4\u00df \u00a7 27a UStG: DE368654959 Kontakt Telefon: +49 155 654 118 26E-Mail: info@chaker-living.com Verantwortlich f\u00fcr den Inhalt nach \u00a7 18 Abs. 2 MStV Hozan ChakerMittagsweg 4326133 Oldenburg Haftungsausschluss Haftung f\u00fcr InhalteAls Diensteanbieter [&hellip;]<\/p>\n","protected":false},"author":2,"featured_media":0,"parent":0,"menu_order":0,"comment_status":"closed","ping_status":"closed","template":"elementor_header_footer","meta":{"footnotes":""},"class_list":["post-1667","page","type-page","status-publish","hentry"],"_links":{"self":[{"href":"https:\/\/chaker-living.com\/en\/wp-json\/wp\/v2\/pages\/1667","targetHints":{"allow":["GET"]}}],"collection":[{"href":"https:\/\/chaker-living.com\/en\/wp-json\/wp\/v2\/pages"}],"about":[{"href":"https:\/\/chaker-living.com\/en\/wp-json\/wp\/v2\/types\/page"}],"author":[{"embeddable":true,"href":"https:\/\/chaker-living.com\/en\/wp-json\/wp\/v2\/users\/2"}],"replies":[{"embeddable":true,"href":"https:\/\/chaker-living.com\/en\/wp-json\/wp\/v2\/comments?post=1667"}],"version-history":[{"count":19,"href":"https:\/\/chaker-living.com\/en\/wp-json\/wp\/v2\/pages\/1667\/revisions"}],"predecessor-version":[{"id":2797,"href":"https:\/\/chaker-living.com\/en\/wp-json\/wp\/v2\/pages\/1667\/revisions\/2797"}],"wp:attachment":[{"href":"https:\/\/chaker-living.com\/en\/wp-json\/wp\/v2\/media?parent=1667"}],"curies":[{"name":"wp","href":"https:\/\/api.w.org\/{rel}","templated":true}]}}