{"id":2174,"date":"2025-10-27T21:13:47","date_gmt":"2025-10-27T19:13:47","guid":{"rendered":"https:\/\/chaker-living.com\/?page_id=2174"},"modified":"2026-02-11T09:57:57","modified_gmt":"2026-02-11T07:57:57","slug":"contact","status":"publish","type":"page","link":"https:\/\/chaker-living.com\/cs\/contact\/","title":{"rendered":"Kontaktujte"},"content":{"rendered":"<style>.elementor-2174 .elementor-element.elementor-element-8a15f1e{--display:flex;--min-height:66vh;--flex-direction:column;--container-widget-width:calc( ( 1 - var( --container-widget-flex-grow ) ) * 100% );--container-widget-height:initial;--container-widget-flex-grow:0;--container-widget-align-self:initial;--flex-wrap-mobile:wrap;--justify-content:center;--align-items:center;--gap:26px 26px;--row-gap:26px;--column-gap:26px;--overlay-opacity:0.3;--margin-top:-157px;--margin-bottom:0px;--margin-left:0px;--margin-right:0px;}.elementor-2174 .elementor-element.elementor-element-8a15f1e:not(.elementor-motion-effects-element-type-background), .elementor-2174 .elementor-element.elementor-element-8a15f1e > .elementor-motion-effects-container > .elementor-motion-effects-layer{background-image:url(\"https:\/\/chaker-living.com\/wp-content\/uploads\/2025\/07\/ansgar-scheffold-mtfTz0FnwBw-unsplash-scaled.webp\");background-position:center center;background-repeat:no-repeat;background-size:cover;}.elementor-2174 .elementor-element.elementor-element-8a15f1e::before, .elementor-2174 .elementor-element.elementor-element-8a15f1e > .elementor-background-video-container::before, .elementor-2174 .elementor-element.elementor-element-8a15f1e > .e-con-inner > .elementor-background-video-container::before, .elementor-2174 .elementor-element.elementor-element-8a15f1e > .elementor-background-slideshow::before, .elementor-2174 .elementor-element.elementor-element-8a15f1e > .e-con-inner > .elementor-background-slideshow::before, .elementor-2174 .elementor-element.elementor-element-8a15f1e > .elementor-motion-effects-container > .elementor-motion-effects-layer::before{--background-overlay:'';background-color:#000000;}.elementor-2174 .elementor-element.elementor-element-4266179 .elementor-icon-list-items:not(.elementor-inline-items) .elementor-icon-list-item:not(:last-child){padding-block-end:calc(8px\/2);}.elementor-2174 .elementor-element.elementor-element-4266179 .elementor-icon-list-items:not(.elementor-inline-items) .elementor-icon-list-item:not(:first-child){margin-block-start:calc(8px\/2);}.elementor-2174 .elementor-element.elementor-element-4266179 .elementor-icon-list-items.elementor-inline-items .elementor-icon-list-item{margin-inline:calc(8px\/2);}.elementor-2174 .elementor-element.elementor-element-4266179 .elementor-icon-list-items.elementor-inline-items{margin-inline:calc(-8px\/2);}.elementor-2174 .elementor-element.elementor-element-4266179 .elementor-icon-list-items.elementor-inline-items .elementor-icon-list-item:after{inset-inline-end:calc(-8px\/2);}.elementor-2174 .elementor-element.elementor-element-4266179 .elementor-icon-list-icon i{color:#FFFFFF;transition:color 0.3s;}.elementor-2174 .elementor-element.elementor-element-4266179 .elementor-icon-list-icon svg{fill:#FFFFFF;transition:fill 0.3s;}.elementor-2174 .elementor-element.elementor-element-4266179{--e-icon-list-icon-size:14px;--icon-vertical-offset:0px;}.elementor-2174 .elementor-element.elementor-element-4266179 .elementor-icon-list-item > .elementor-icon-list-text, .elementor-2174 .elementor-element.elementor-element-4266179 .elementor-icon-list-item > a{font-family:\"Open Sans\", Sans-serif;font-size:20px;font-weight:400;text-transform:none;font-style:normal;text-decoration:none;line-height:1.5em;letter-spacing:0em;}.elementor-2174 .elementor-element.elementor-element-4266179 .elementor-icon-list-text{text-shadow:0px 0px 10px rgba(0,0,0,0.3);color:#FFFFFF;transition:color 0.3s;}.elementor-2174 .elementor-element.elementor-element-4cb32b6 .elementor-heading-title{font-family:\"Open Sans\", Sans-serif;font-size:40px;font-weight:500;text-transform:none;font-style:normal;text-decoration:none;line-height:1.15em;letter-spacing:-0.02em;color:#FFFFFF;}.elementor-2174 .elementor-element.elementor-element-d725dab{--display:flex;--flex-direction:column;--container-widget-width:100%;--container-widget-height:initial;--container-widget-flex-grow:0;--container-widget-align-self:initial;--flex-wrap-mobile:wrap;--padding-top:80px;--padding-bottom:80px;--padding-left:20px;--padding-right:20px;}.elementor-2174 .elementor-element.elementor-element-593b487{--display:flex;--flex-direction:row;--container-widget-width:initial;--container-widget-height:100%;--container-widget-flex-grow:1;--container-widget-align-self:stretch;--flex-wrap-mobile:wrap;--gap:0px 0px;--row-gap:0px;--column-gap:0px;--border-radius:25px 25px 25px 25px;--padding-top:0px;--padding-bottom:0px;--padding-left:0px;--padding-right:0px;}.elementor-2174 .elementor-element.elementor-element-18e98a2{--display:flex;--gap:24px 24px;--row-gap:24px;--column-gap:24px;--border-radius:30px 0px 0px 30px;--padding-top:45px;--padding-bottom:45px;--padding-left:45px;--padding-right:45px;}.elementor-2174 .elementor-element.elementor-element-18e98a2:not(.elementor-motion-effects-element-type-background), .elementor-2174 .elementor-element.elementor-element-18e98a2 > .elementor-motion-effects-container > .elementor-motion-effects-layer{background-color:var( --e-global-color-secondary );}.elementor-2174 .elementor-element.elementor-element-0c7d94a{text-align:center;margin:0px 0px calc(var(--kit-widget-spacing, 0px) + 8px) 0px;width:var( --container-widget-width, 100% );max-width:100%;--container-widget-width:100%;--container-widget-flex-grow:0;}.elementor-2174 .elementor-element.elementor-element-0c7d94a .elementor-heading-title{font-family:\"Open Sans\", Sans-serif;font-size:40px;font-weight:500;text-transform:none;font-style:normal;text-decoration:none;line-height:1.15em;letter-spacing:-0.02em;color:var( --e-global-color-f0e0728 );}.elementor-2174 .elementor-element.elementor-element-0c7d94a.elementor-element{--align-self:center;}.elementor-2174 .elementor-element.elementor-element-35ab41b{text-align:center;font-family:\"Open Sans\", Sans-serif;font-size:20px;font-weight:300;text-transform:none;font-style:normal;text-decoration:none;line-height:1.5em;letter-spacing:0em;text-shadow:0px 0px 10px rgba(0,0,0,0.3);color:#FFFFFF;margin:0px 0px calc(var(--kit-widget-spacing, 0px) + 28px) 0px;padding:0px 0px 0px 0px;width:var( --container-widget-width, 89% );max-width:89%;--container-widget-width:89%;--container-widget-flex-grow:0;}.elementor-2174 .elementor-element.elementor-element-35ab41b a{color:#FFFFFF;}.elementor-2174 .elementor-element.elementor-element-35ab41b.elementor-element{--align-self:center;}.elementor-2174 .elementor-element.elementor-element-3cfad85 .jeg-elementor-kit.jkit-button{text-align:left;}.elementor-2174 .elementor-element.elementor-element-3cfad85 .jeg-elementor-kit.jkit-button .jkit-button-wrapper{width:300px;padding:14px 20px 14px 20px;font-family:\"Open Sans\", Sans-serif;font-size:20px;font-weight:500;text-transform:none;font-style:normal;text-decoration:none;line-height:1em;color:#FFFFFF;background-color:#0EE281;border-radius:36px 36px 36px 36px;}.elementor-2174 .elementor-element.elementor-element-3cfad85 .jeg-elementor-kit.jkit-button .jkit-button-wrapper svg{fill:#FFFFFF;}.elementor-2174 .elementor-element.elementor-element-3cfad85 .jeg-elementor-kit.jkit-button .jkit-button-wrapper:hover{color:var( --e-global-color-f0e0728 );border-radius:36px 36px 36px 36px;}.elementor-2174 .elementor-element.elementor-element-3cfad85 .jeg-elementor-kit.jkit-button .jkit-button-wrapper:hover svg{fill:var( --e-global-color-f0e0728 );}.elementor-2174 .elementor-element.elementor-element-3cfad85 .jeg-elementor-kit.jkit-button .jkit-button-wrapper:not(.hover-gradient):hover, .elementor-2174 .elementor-element.elementor-element-3cfad85 .jeg-elementor-kit.jkit-button .jkit-button-wrapper.hover-gradient:before{background-color:#35F79E;}.elementor-2174 .elementor-element.elementor-element-3cfad85 .jeg-elementor-kit.jkit-button.icon-position-before .jkit-button-wrapper i, .elementor-2174 .elementor-element.elementor-element-3cfad85 .jeg-elementor-kit.jkit-button.icon-position-before .jkit-button-wrapper svg{margin-right:10px;}.elementor-2174 .elementor-element.elementor-element-3cfad85 .jeg-elementor-kit.jkit-button.icon-position-after .jkit-button-wrapper i, .elementor-2174 .elementor-element.elementor-element-3cfad85 .jeg-elementor-kit.jkit-button.icon-position-after .jkit-button-wrapper svg{margin-left:10px;}.elementor-2174 .elementor-element.elementor-element-12791ee{--display:flex;--justify-content:center;--border-radius:0px 30px 30px 0px;--padding-top:45px;--padding-bottom:45px;--padding-left:45px;--padding-right:45px;}.elementor-2174 .elementor-element.elementor-element-12791ee:not(.elementor-motion-effects-element-type-background), .elementor-2174 .elementor-element.elementor-element-12791ee > .elementor-motion-effects-container > .elementor-motion-effects-layer{background-color:#E2E2E2;}.elementor-2174 .elementor-element.elementor-element-6584263 .elementor-field-group{padding-right:calc( 9px\/2 );padding-left:calc( 9px\/2 );margin-bottom:38px;}.elementor-2174 .elementor-element.elementor-element-6584263 .elementor-form-fields-wrapper{margin-left:calc( -9px\/2 );margin-right:calc( -9px\/2 );margin-bottom:-38px;}.elementor-2174 .elementor-element.elementor-element-6584263 .elementor-field-group.recaptcha_v3-bottomleft, .elementor-2174 .elementor-element.elementor-element-6584263 .elementor-field-group.recaptcha_v3-bottomright{margin-bottom:0;}body.rtl .elementor-2174 .elementor-element.elementor-element-6584263 .elementor-labels-inline .elementor-field-group > label{padding-left:22px;}body:not(.rtl) .elementor-2174 .elementor-element.elementor-element-6584263 .elementor-labels-inline .elementor-field-group > label{padding-right:22px;}body .elementor-2174 .elementor-element.elementor-element-6584263 .elementor-labels-above .elementor-field-group > label{padding-bottom:22px;}.elementor-2174 .elementor-element.elementor-element-6584263 .elementor-field-type-html{padding-bottom:0px;}.elementor-2174 .elementor-element.elementor-element-6584263 .elementor-field-group .elementor-field{color:var( --e-global-color-text );}.elementor-2174 .elementor-element.elementor-element-6584263 .elementor-field-group .elementor-field, .elementor-2174 .elementor-element.elementor-element-6584263 .elementor-field-subgroup label{font-family:\"Open Sans\", Sans-serif;font-size:20px;font-weight:300;}.elementor-2174 .elementor-element.elementor-element-6584263 .elementor-field-group .elementor-field:not(.elementor-select-wrapper){background-color:#F1F1F180;border-color:#F1F1F11A;border-width:10px 10px 10px 10px;border-radius:30px 30px 30px 30px;}.elementor-2174 .elementor-element.elementor-element-6584263 .elementor-field-group .elementor-select-wrapper select{background-color:#F1F1F180;border-color:#F1F1F11A;border-width:10px 10px 10px 10px;border-radius:30px 30px 30px 30px;}.elementor-2174 .elementor-element.elementor-element-6584263 .elementor-field-group .elementor-select-wrapper::before{color:#F1F1F11A;}.elementor-2174 .elementor-element.elementor-element-6584263 .elementor-button{font-family:\"Open Sans\", Sans-serif;font-size:20px;text-transform:none;letter-spacing:0px;}.elementor-2174 .elementor-element.elementor-element-6584263 .e-form__buttons__wrapper__button-next{color:#ffffff;}.elementor-2174 .elementor-element.elementor-element-6584263 .elementor-button[type=\"submit\"]{color:#ffffff;}.elementor-2174 .elementor-element.elementor-element-6584263 .elementor-button[type=\"submit\"] svg *{fill:#ffffff;}.elementor-2174 .elementor-element.elementor-element-6584263 .e-form__buttons__wrapper__button-previous{color:#ffffff;}.elementor-2174 .elementor-element.elementor-element-6584263 .e-form__buttons__wrapper__button-next:hover{color:#ffffff;}.elementor-2174 .elementor-element.elementor-element-6584263 .elementor-button[type=\"submit\"]:hover{color:#ffffff;}.elementor-2174 .elementor-element.elementor-element-6584263 .elementor-button[type=\"submit\"]:hover svg *{fill:#ffffff;}.elementor-2174 .elementor-element.elementor-element-6584263 .e-form__buttons__wrapper__button-previous:hover{color:#ffffff;}.elementor-2174 .elementor-element.elementor-element-6584263{--e-form-steps-indicators-spacing:20px;--e-form-steps-indicator-padding:30px;--e-form-steps-indicator-inactive-secondary-color:#ffffff;--e-form-steps-indicator-active-secondary-color:#ffffff;--e-form-steps-indicator-completed-secondary-color:#ffffff;--e-form-steps-divider-width:1px;--e-form-steps-divider-gap:10px;}@media(min-width:768px){.elementor-2174 .elementor-element.elementor-element-d725dab{--content-width:1240px;}}@media(max-width:1024px){.elementor-2174 .elementor-element.elementor-element-8a15f1e{--gap:20px 20px;--row-gap:20px;--column-gap:20px;}.elementor-2174 .elementor-element.elementor-element-4cb32b6 .elementor-heading-title{font-size:72px;line-height:1.15em;letter-spacing:-0.02em;}.elementor-2174 .elementor-element.elementor-element-18e98a2{--padding-top:40px;--padding-bottom:40px;--padding-left:40px;--padding-right:40px;}.elementor-2174 .elementor-element.elementor-element-0c7d94a .elementor-heading-title{font-size:44px;line-height:1.15em;letter-spacing:-0.02em;}.elementor-2174 .elementor-element.elementor-element-0c7d94a{--container-widget-width:600px;--container-widget-flex-grow:0;width:var( --container-widget-width, 600px );max-width:600px;}.elementor-2174 .elementor-element.elementor-element-35ab41b{font-size:14px;line-height:1.5em;letter-spacing:0em;--container-widget-width:500px;--container-widget-flex-grow:0;width:var( --container-widget-width, 500px );max-width:500px;}.elementor-2174 .elementor-element.elementor-element-3cfad85 .jeg-elementor-kit.jkit-button{text-align:left;}.elementor-2174 .elementor-element.elementor-element-3cfad85 .jeg-elementor-kit.jkit-button .jkit-button-wrapper{font-size:14px;line-height:1em;letter-spacing:0.2em;}.elementor-2174 .elementor-element.elementor-element-12791ee{--padding-top:40px;--padding-bottom:40px;--padding-left:40px;--padding-right:40px;}}@media(max-width:767px){.elementor-2174 .elementor-element.elementor-element-8a15f1e{--min-height:65vh;}.elementor-2174 .elementor-element.elementor-element-8a15f1e:not(.elementor-motion-effects-element-type-background), .elementor-2174 .elementor-element.elementor-element-8a15f1e > .elementor-motion-effects-container > .elementor-motion-effects-layer{background-image:url(\"https:\/\/chaker-living.com\/wp-content\/uploads\/2025\/07\/tim-trad-S80l8OMq0xA-unsplash-scaled.webp\");}.elementor-2174 .elementor-element.elementor-element-4cb32b6{text-align:center;}.elementor-2174 .elementor-element.elementor-element-4cb32b6 .elementor-heading-title{font-size:30px;line-height:1.15em;letter-spacing:-0.02em;}.elementor-2174 .elementor-element.elementor-element-d725dab{--padding-top:70px;--padding-bottom:70px;--padding-left:10px;--padding-right:10px;}.elementor-2174 .elementor-element.elementor-element-18e98a2{--gap:15px 15px;--row-gap:15px;--column-gap:15px;--border-radius:20px 20px 0px 0px;--padding-top:30px;--padding-bottom:30px;--padding-left:30px;--padding-right:30px;}.elementor-2174 .elementor-element.elementor-element-0c7d94a{text-align:center;width:100%;max-width:100%;}.elementor-2174 .elementor-element.elementor-element-0c7d94a .elementor-heading-title{font-size:32px;line-height:1.15em;letter-spacing:-0.02em;}.elementor-2174 .elementor-element.elementor-element-35ab41b{text-align:center;font-size:14px;line-height:1.5em;letter-spacing:0em;--container-widget-width:95%;--container-widget-flex-grow:0;width:var( --container-widget-width, 95% );max-width:95%;}.elementor-2174 .elementor-element.elementor-element-3cfad85 .jeg-elementor-kit.jkit-button{text-align:center;}.elementor-2174 .elementor-element.elementor-element-3cfad85 .jeg-elementor-kit.jkit-button .jkit-button-wrapper{width:100%;font-size:18px;letter-spacing:0em;}.elementor-2174 .elementor-element.elementor-element-3cfad85{margin:25px 0px calc(var(--kit-widget-spacing, 0px) + 0px) 0px;width:100%;max-width:100%;}.elementor-2174 .elementor-element.elementor-element-12791ee{--border-radius:0px 0px 20px 20px;--padding-top:50px;--padding-bottom:30px;--padding-left:30px;--padding-right:30px;}.elementor-2174 .elementor-element.elementor-element-6584263 .elementor-button{font-size:12px;}}<\/style>\t\t<div data-elementor-type=\"wp-page\" data-elementor-id=\"2174\" class=\"elementor elementor-2174\" data-elementor-post-type=\"page\">\n\t\t\t\t<div class=\"elementor-element elementor-element-8a15f1e e-flex e-con-boxed e-con e-parent\" data-id=\"8a15f1e\" data-element_type=\"container\" data-e-type=\"container\" data-settings=\"{&quot;background_background&quot;:&quot;classic&quot;}\">\n\t\t\t\t\t<div class=\"e-con-inner\">\n\t\t\t\t<div class=\"elementor-element elementor-element-4266179 elementor-icon-list--layout-inline elementor-list-item-link-full_width elementor-widget elementor-widget-icon-list\" data-id=\"4266179\" data-element_type=\"widget\" data-e-type=\"widget\" data-widget_type=\"icon-list.default\">\n\t\t\t\t\t\t\t<ul class=\"elementor-icon-list-items elementor-inline-items\">\n\t\t\t\t\t\t\t<li class=\"elementor-icon-list-item elementor-inline-item\">\n\t\t\t\t\t\t\t\t\t\t\t<a href=\"https:\/\/chaker-living.com\/cs\">\n\n\t\t\t\t\t\t\t\t\t\t\t<span class=\"elementor-icon-list-text\">Startseite<\/span>\n\t\t\t\t\t\t\t\t\t\t\t<\/a>\n\t\t\t\t\t\t\t\t\t<\/li>\n\t\t\t\t\t\t\t\t<li class=\"elementor-icon-list-item elementor-inline-item\">\n\t\t\t\t\t\t\t\t\t\t<span class=\"elementor-icon-list-text\">\/<\/span>\n\t\t\t\t\t\t\t\t\t<\/li>\n\t\t\t\t\t\t\t\t<li class=\"elementor-icon-list-item elementor-inline-item\">\n\t\t\t\t\t\t\t\t\t\t\t<a href=\"https:\/\/chaker-living.com\/cs\/contact\/\">\n\n\t\t\t\t\t\t\t\t\t\t\t<span class=\"elementor-icon-list-text\">Kontakt<\/span>\n\t\t\t\t\t\t\t\t\t\t\t<\/a>\n\t\t\t\t\t\t\t\t\t<\/li>\n\t\t\t\t\t\t<\/ul>\n\t\t\t\t\t\t<\/div>\n\t\t\t\t<div class=\"elementor-element elementor-element-4cb32b6 elementor-widget elementor-widget-heading\" data-id=\"4cb32b6\" data-element_type=\"widget\" data-e-type=\"widget\" data-widget_type=\"heading.default\">\n\t\t\t\t\t<h2 class=\"elementor-heading-title elementor-size-default\">Kontaktieren Sie uns\n<\/h2>\t\t\t\t<\/div>\n\t\t\t\t\t<\/div>\n\t\t\t\t<\/div>\n\t\t<div class=\"elementor-element elementor-element-d725dab e-flex e-con-boxed e-con e-parent\" data-id=\"d725dab\" data-element_type=\"container\" data-e-type=\"container\">\n\t\t\t\t\t<div class=\"e-con-inner\">\n\t\t<div class=\"elementor-element elementor-element-593b487 e-con-full e-flex e-con e-child\" data-id=\"593b487\" data-element_type=\"container\" data-e-type=\"container\">\n\t\t<div class=\"elementor-element elementor-element-18e98a2 e-con-full e-flex e-con e-child\" data-id=\"18e98a2\" data-element_type=\"container\" data-e-type=\"container\" data-settings=\"{&quot;background_background&quot;:&quot;classic&quot;}\">\n\t\t\t\t<div class=\"elementor-element elementor-element-0c7d94a elementor-widget__width-initial elementor-widget-mobile__width-inherit elementor-widget elementor-widget-heading\" data-id=\"0c7d94a\" data-element_type=\"widget\" data-e-type=\"widget\" data-widget_type=\"heading.default\">\n\t\t\t\t\t<h2 class=\"elementor-heading-title elementor-size-default\">Kontaktieren Sie unser Team \u2013 wir finden die passende Unterkunft f\u00fcr Sie<\/h2>\t\t\t\t<\/div>\n\t\t\t\t<div class=\"elementor-element elementor-element-35ab41b elementor-widget__width-initial elementor-widget elementor-widget-text-editor\" data-id=\"35ab41b\" data-element_type=\"widget\" data-e-type=\"widget\" data-widget_type=\"text-editor.default\">\n\t\t\t\t\t\t\t\t\t<p class=\"p1\"><span class=\"s1\">Sie suchen zuverl\u00e4ssige <\/span><b>Unterk\u00fcnfte f\u00fcr Monteure, Mitarbeiter oder Gesch\u00e4ftsreisende<\/b><span class=\"s1\">?<\/span><\/p><p class=\"p2\">Kontaktieren Sie uns \u2013 unser Team hilft Ihnen schnell und unkompliziert weiter.<\/p><p class=\"p2\">Wir beraten Sie pers\u00f6nlich, finden die passende Unterkunft in Ihrer N\u00e4he und sorgen f\u00fcr einen reibungslosen Ablauf \u2013 <span class=\"s2\"><b>von der Anfrage bis zur Schl\u00fcssel\u00fcbergabe<\/b><\/span>.<\/p><p class=\"p2\">Melden Sie sich jetzt \u2013 wir sind gerne f\u00fcr Sie da!<\/p>\t\t\t\t\t\t\t\t<\/div>\n\t\t\t\t<div class=\"elementor-element elementor-element-3cfad85 elementor-widget-mobile__width-inherit elementor-invisible elementor-widget elementor-widget-jkit_button\" data-id=\"3cfad85\" data-element_type=\"widget\" data-e-type=\"widget\" data-settings=\"{&quot;_animation&quot;:&quot;fadeIn&quot;,&quot;_animation_delay&quot;:&quot;600&quot;}\" data-widget_type=\"jkit_button.default\">\n\t\t\t\t\t<div  class=\"jeg-elementor-kit jkit-button  icon-position-before jeg_module___69e35eb8f1f10\" ><a href=\"http:\/\/wa.me\/+4915565411826\" class=\"jkit-button-wrapper\"><svg viewBox=\"0 0 448 512\" xmlns=\"http:\/\/www.w3.org\/2000\/svg\"><path d=\"M380.9 97.1C339 55.1 283.2 32 223.9 32c-122.4 0-222 99.6-222 222 0 39.1 10.2 77.3 29.6 111L0 480l117.7-30.9c32.4 17.7 68.9 27 106.1 27h.1c122.3 0 224.1-99.6 224.1-222 0-59.3-25.2-115-67.1-157zm-157 341.6c-33.2 0-65.7-8.9-94-25.7l-6.7-4-69.8 18.3L72 359.2l-4.4-7c-18.5-29.4-28.2-63.3-28.2-98.2 0-101.7 82.8-184.5 184.6-184.5 49.3 0 95.6 19.2 130.4 54.1 34.8 34.9 56.2 81.2 56.1 130.5 0 101.8-84.9 184.6-186.6 184.6zm101.2-138.2c-5.5-2.8-32.8-16.2-37.9-18-5.1-1.9-8.8-2.8-12.5 2.8-3.7 5.6-14.3 18-17.6 21.8-3.2 3.7-6.5 4.2-12 1.4-32.6-16.3-54-29.1-75.5-66-5.7-9.8 5.7-9.1 16.3-30.3 1.8-3.7.9-6.9-.5-9.7-1.4-2.8-12.5-30.1-17.1-41.2-4.5-10.8-9.1-9.3-12.5-9.5-3.2-.2-6.9-.2-10.6-.2-3.7 0-9.7 1.4-14.8 6.9-5.1 5.6-19.4 19-19.4 46.3 0 27.3 19.9 53.7 22.6 57.4 2.8 3.7 39.1 59.7 94.8 83.8 35.2 15.2 49 16.5 66.6 13.9 10.7-1.6 32.8-13.4 37.4-26.4 4.6-13 4.6-24.1 3.2-26.4-1.3-2.5-5-3.9-10.5-6.6z\"><\/path><\/svg>WhatsApp<\/a><\/div>\t\t\t\t<\/div>\n\t\t\t\t<\/div>\n\t\t<div class=\"elementor-element elementor-element-12791ee e-con-full e-flex e-con e-child\" data-id=\"12791ee\" data-element_type=\"container\" data-e-type=\"container\" data-settings=\"{&quot;background_background&quot;:&quot;classic&quot;}\">\n\t\t\t\t<div class=\"elementor-element elementor-element-6584263 elementor-button-align-center elementor-widget elementor-widget-form\" data-id=\"6584263\" data-element_type=\"widget\" data-e-type=\"widget\" data-settings=\"{&quot;step_next_label&quot;:&quot;Next&quot;,&quot;step_previous_label&quot;:&quot;Previous&quot;,&quot;step_type&quot;:&quot;none&quot;,&quot;button_width&quot;:&quot;100&quot;,&quot;step_icon_shape&quot;:&quot;circle&quot;}\" data-widget_type=\"form.default\">\n\t\t\t\t\t\t\t<form class=\"elementor-form\" method=\"post\" name=\"K0ntakt\" aria-label=\"K0ntakt\">\n\t\t\t<input type=\"hidden\" name=\"post_id\" value=\"2174\"\/>\n\t\t\t<input type=\"hidden\" name=\"form_id\" value=\"6584263\"\/>\n\t\t\t<input type=\"hidden\" name=\"referer_title\" value=\"Kontakt\" \/>\n\n\t\t\t\t\t\t\t<input type=\"hidden\" name=\"queried_id\" value=\"2174\"\/>\n\t\t\t\n\t\t\t<div class=\"elementor-form-fields-wrapper elementor-labels-\">\n\t\t\t\t\t\t\t\t<div class=\"elementor-field-type-text elementor-field-group elementor-column elementor-field-group-name elementor-col-100\">\n\t\t\t\t\t\t\t\t\t\t\t\t<label for=\"form-field-name\" class=\"elementor-field-label elementor-screen-only\">\n\t\t\t\t\t\t\t\tName\t\t\t\t\t\t\t<\/label>\n\t\t\t\t\t\t\t\t\t\t\t\t\t\t<input size=\"1\" type=\"text\" name=\"form_fields[name]\" id=\"form-field-name\" class=\"elementor-field elementor-size-sm  elementor-field-textual\" placeholder=\"Name\">\n\t\t\t\t\t\t\t\t\t\t\t<\/div>\n\t\t\t\t\t\t\t\t<div class=\"elementor-field-type-text elementor-field-group elementor-column elementor-field-group-field_fba8e6f elementor-col-100\">\n\t\t\t\t\t\t\t\t\t\t\t\t<label for=\"form-field-field_fba8e6f\" class=\"elementor-field-label elementor-screen-only\">\n\t\t\t\t\t\t\t\tTelefon\t\t\t\t\t\t\t<\/label>\n\t\t\t\t\t\t\t\t\t\t\t\t\t\t<input size=\"1\" type=\"text\" name=\"form_fields[field_fba8e6f]\" id=\"form-field-field_fba8e6f\" class=\"elementor-field elementor-size-sm  elementor-field-textual\" placeholder=\"Telefon\">\n\t\t\t\t\t\t\t\t\t\t\t<\/div>\n\t\t\t\t\t\t\t\t<div class=\"elementor-field-type-email elementor-field-group elementor-column elementor-field-group-email elementor-col-100 elementor-field-required\">\n\t\t\t\t\t\t\t\t\t\t\t\t<label for=\"form-field-email\" class=\"elementor-field-label elementor-screen-only\">\n\t\t\t\t\t\t\t\tE-Mail\t\t\t\t\t\t\t<\/label>\n\t\t\t\t\t\t\t\t\t\t\t\t\t\t<input size=\"1\" type=\"email\" name=\"form_fields[email]\" id=\"form-field-email\" class=\"elementor-field elementor-size-sm  elementor-field-textual\" placeholder=\"E-Mail\" required=\"required\">\n\t\t\t\t\t\t\t\t\t\t\t<\/div>\n\t\t\t\t\t\t\t\t<div class=\"elementor-field-type-textarea elementor-field-group elementor-column elementor-field-group-message elementor-col-100\">\n\t\t\t\t\t\t\t\t\t\t\t\t<label for=\"form-field-message\" class=\"elementor-field-label elementor-screen-only\">\n\t\t\t\t\t\t\t\tNachricht\t\t\t\t\t\t\t<\/label>\n\t\t\t\t\t\t<textarea class=\"elementor-field-textual elementor-field  elementor-size-sm\" name=\"form_fields[message]\" id=\"form-field-message\" rows=\"9\" placeholder=\"Nachricht\"><\/textarea>\t\t\t\t<\/div>\n\t\t\t\t\t\t\t\t<div class=\"elementor-field-group elementor-column elementor-field-type-submit elementor-col-100 e-form__buttons\">\n\t\t\t\t\t<button class=\"elementor-button elementor-size-sm\" type=\"submit\">\n\t\t\t\t\t\t<span class=\"elementor-button-content-wrapper\">\n\t\t\t\t\t\t\t\t\t\t\t\t\t\t\t\t\t\t\t\t\t\t<span class=\"elementor-button-text\">Anfrage abschicken<\/span>\n\t\t\t\t\t\t\t\t\t\t\t\t\t<\/span>\n\t\t\t\t\t<\/button>\n\t\t\t\t<\/div>\n\t\t\t<\/div>\n\t\t<\/form>\n\t\t\t\t\t\t<\/div>\n\t\t\t\t<\/div>\n\t\t\t\t<\/div>\n\t\t\t\t\t<\/div>\n\t\t\t\t<\/div>\n\t\t\t\t<\/div>\n\t\t","protected":false},"excerpt":{"rendered":"<p>Startseite \/ Kontaktieren Sie uns Kontaktieren Sie unser Team \u2013 wir finden die passende Unterkunft f\u00fcr Sie Sie suchen zuverl\u00e4ssige Unterk\u00fcnfte f\u00fcr Monteure, Mitarbeiter oder Gesch\u00e4ftsreisende? Kontaktieren Sie uns \u2013 unser Team hilft Ihnen schnell und unkompliziert weiter. Wir beraten Sie pers\u00f6nlich, finden die passende Unterkunft in Ihrer N\u00e4he und sorgen f\u00fcr einen reibungslosen Ablauf [&hellip;]<\/p>\n","protected":false},"author":2,"featured_media":0,"parent":0,"menu_order":0,"comment_status":"closed","ping_status":"closed","template":"elementor_header_footer","meta":{"footnotes":""},"class_list":["post-2174","page","type-page","status-publish","hentry"],"_links":{"self":[{"href":"https:\/\/chaker-living.com\/cs\/wp-json\/wp\/v2\/pages\/2174","targetHints":{"allow":["GET"]}}],"collection":[{"href":"https:\/\/chaker-living.com\/cs\/wp-json\/wp\/v2\/pages"}],"about":[{"href":"https:\/\/chaker-living.com\/cs\/wp-json\/wp\/v2\/types\/page"}],"author":[{"embeddable":true,"href":"https:\/\/chaker-living.com\/cs\/wp-json\/wp\/v2\/users\/2"}],"replies":[{"embeddable":true,"href":"https:\/\/chaker-living.com\/cs\/wp-json\/wp\/v2\/comments?post=2174"}],"version-history":[{"count":23,"href":"https:\/\/chaker-living.com\/cs\/wp-json\/wp\/v2\/pages\/2174\/revisions"}],"predecessor-version":[{"id":2646,"href":"https:\/\/chaker-living.com\/cs\/wp-json\/wp\/v2\/pages\/2174\/revisions\/2646"}],"wp:attachment":[{"href":"https:\/\/chaker-living.com\/cs\/wp-json\/wp\/v2\/media?parent=2174"}],"curies":[{"name":"wp","href":"https:\/\/api.w.org\/{rel}","templated":true}]}}