{"id":1667,"date":"2025-09-01T13:16:17","date_gmt":"2025-09-01T13:16:17","guid":{"rendered":"https:\/\/chaker-living.com\/?page_id=1667"},"modified":"2026-04-17T11:57:00","modified_gmt":"2026-04-17T09:57:00","slug":"impressum","status":"publish","type":"page","link":"https:\/\/chaker-living.com\/cs\/impressum\/","title":{"rendered":"Impressum"},"content":{"rendered":"<style>.elementor-1667 .elementor-element.elementor-element-e496980{--display:flex;--min-height:66vh;--flex-direction:column;--container-widget-width:calc( ( 1 - var( --container-widget-flex-grow ) ) * 100% );--container-widget-height:initial;--container-widget-flex-grow:0;--container-widget-align-self:initial;--flex-wrap-mobile:wrap;--justify-content:center;--align-items:center;--gap:26px 26px;--row-gap:26px;--column-gap:26px;--overlay-opacity:0.3;--margin-top:-157px;--margin-bottom:0px;--margin-left:0px;--margin-right:0px;}.elementor-1667 .elementor-element.elementor-element-e496980:not(.elementor-motion-effects-element-type-background), .elementor-1667 .elementor-element.elementor-element-e496980 > .elementor-motion-effects-container > .elementor-motion-effects-layer{background-image:url(\"https:\/\/chaker-living.com\/wp-content\/uploads\/2025\/07\/WhatsApp-Image-2025-07-07-at-21.03.25_94188b27.webp\");background-position:center center;background-repeat:no-repeat;background-size:cover;}.elementor-1667 .elementor-element.elementor-element-e496980::before, .elementor-1667 .elementor-element.elementor-element-e496980 > .elementor-background-video-container::before, .elementor-1667 .elementor-element.elementor-element-e496980 > .e-con-inner > .elementor-background-video-container::before, .elementor-1667 .elementor-element.elementor-element-e496980 > .elementor-background-slideshow::before, .elementor-1667 .elementor-element.elementor-element-e496980 > .e-con-inner > .elementor-background-slideshow::before, .elementor-1667 .elementor-element.elementor-element-e496980 > .elementor-motion-effects-container > .elementor-motion-effects-layer::before{--background-overlay:'';background-color:#000000;}.elementor-1667 .elementor-element.elementor-element-dbece65 .elementor-heading-title{font-family:\"Playfair Display\", Sans-serif;font-size:80px;font-weight:500;text-transform:none;font-style:normal;text-decoration:none;line-height:1.15em;letter-spacing:-0.02em;color:#FFFFFF;}.elementor-1667 .elementor-element.elementor-element-d18e5a6{--display:flex;--flex-direction:column;--container-widget-width:100%;--container-widget-height:initial;--container-widget-flex-grow:0;--container-widget-align-self:initial;--flex-wrap-mobile:wrap;--padding-top:80px;--padding-bottom:80px;--padding-left:20px;--padding-right:20px;}.elementor-1667 .elementor-element.elementor-element-fd3ab82{font-size:15px;color:var( --e-global-color-secondary );}@media(max-width:1024px){.elementor-1667 .elementor-element.elementor-element-e496980{--gap:20px 20px;--row-gap:20px;--column-gap:20px;}.elementor-1667 .elementor-element.elementor-element-dbece65 .elementor-heading-title{font-size:72px;line-height:1.15em;letter-spacing:-0.02em;}}@media(max-width:767px){.elementor-1667 .elementor-element.elementor-element-e496980{--min-height:53vh;}.elementor-1667 .elementor-element.elementor-element-dbece65 .elementor-heading-title{font-size:33px;line-height:1.15em;letter-spacing:-0.02em;}.elementor-1667 .elementor-element.elementor-element-d18e5a6{--padding-top:60px;--padding-bottom:60px;--padding-left:10px;--padding-right:10px;}}<\/style>\t\t<div data-elementor-type=\"wp-page\" data-elementor-id=\"1667\" class=\"elementor elementor-1667\" data-elementor-post-type=\"page\">\n\t\t\t\t<div class=\"elementor-element elementor-element-e496980 e-flex e-con-boxed e-con e-parent\" data-id=\"e496980\" data-element_type=\"container\" data-e-type=\"container\" data-settings=\"{&quot;background_background&quot;:&quot;classic&quot;}\">\n\t\t\t\t\t<div class=\"e-con-inner\">\n\t\t\t\t<div class=\"elementor-element elementor-element-dbece65 elementor-widget elementor-widget-heading\" data-id=\"dbece65\" data-element_type=\"widget\" data-e-type=\"widget\" data-widget_type=\"heading.default\">\n\t\t\t\t\t<h2 class=\"elementor-heading-title elementor-size-default\">Impressum<\/h2>\t\t\t\t<\/div>\n\t\t\t\t\t<\/div>\n\t\t\t\t<\/div>\n\t\t<div class=\"elementor-element elementor-element-d18e5a6 e-flex e-con-boxed e-con e-parent\" data-id=\"d18e5a6\" data-element_type=\"container\" data-e-type=\"container\">\n\t\t\t\t\t<div class=\"e-con-inner\">\n\t\t\t\t<div class=\"elementor-element elementor-element-fd3ab82 elementor-widget elementor-widget-text-editor\" data-id=\"fd3ab82\" data-element_type=\"widget\" data-e-type=\"widget\" data-widget_type=\"text-editor.default\">\n\t\t\t\t\t\t\t\t\t<p><strong><b>Impressum<\/b><\/strong><\/p><p><strong><b>Informace podle \u00a7 5 DDG (Z\u00e1kon o digit\u00e1ln\u00edch slu\u017eb\u00e1ch)<\/b><\/strong><\/p><p class=\" translation-block\"><strong><b>Chaker Living GmbH<\/b><\/strong><br>Mittagsweg 43<br>26133 Oldenburg<\/p><p class=\" translation-block\">Zastoupen jednatelem:<br>Hozan Chaker<\/p><p class=\" translation-block\">Obchodn\u00ed rejst\u0159\u00edk: M\u011bstsk\u00fd soud Oldenburg, HRB 220914<br>Identifika\u010dn\u00ed \u010d\u00edslo DPH podle \u00a7 27a UStG: DE368654959<\/p><p><strong><b>Kontaktujte<\/b><\/strong><\/p><p>Telefon: +49 155 654 118 26<br \/>E-mail: info@chaker-living.com<\/p><p><strong><b>Odpov\u011bdn\u00fd za obsah podle \u00a7 18 odst. 2 MStV<\/b><\/strong><\/p><p class=\" translation-block\">Hozan Chaker<br>Mittagsweg 43<br>26133 Oldenburg<\/p><p><strong><b>Vylou\u010den\u00ed odpov\u011bdnosti<\/b><\/strong><\/p><p class=\" translation-block\"><strong><b>Odpov\u011bdnost za obsah<\/b><\/strong><br>Jako poskytovatel slu\u017eeb jsme podle \u00a7 7 odst. 1 DDG a obecn\u00fdch pr\u00e1vn\u00edch p\u0159edpis\u016f odpov\u011bdn\u00ed za vlastn\u00ed obsah na t\u011bchto str\u00e1nk\u00e1ch. Podle \u00a7\u00a7 8\u201310 DDG v\u0161ak nejsme povinni monitorovat p\u0159en\u00e1\u0161en\u00e9 nebo ulo\u017een\u00e9 informace t\u0159et\u00edch stran ani zji\u0161\u0165ovat okolnosti nazna\u010duj\u00edc\u00ed protipr\u00e1vn\u00ed \u010dinnost. Povinnosti k odstran\u011bn\u00ed nebo zablokov\u00e1n\u00ed pou\u017e\u00edv\u00e1n\u00ed informac\u00ed podle obecn\u00fdch pr\u00e1vn\u00edch p\u0159edpis\u016f t\u00edm nejsou dot\u010deny. Odpov\u011bdnost v t\u00e9to souvislosti je mo\u017en\u00e1 a\u017e od okam\u017eiku, kdy m\u00e1me znalost konkr\u00e9tn\u00edho poru\u0161en\u00ed z\u00e1kona. Po zji\u0161t\u011bn\u00ed takov\u00e9ho poru\u0161en\u00ed budou tyto obsahy okam\u017eit\u011b odstran\u011bny.<\/p><p class=\" translation-block\"><strong><b>Odpov\u011bdnost za odkazy<\/b><\/strong><br>Na\u0161e nab\u00eddka obsahuje odkazy na extern\u00ed webov\u00e9 str\u00e1nky t\u0159et\u00edch stran, nad jejich\u017e obsahem nem\u00e1me \u017e\u00e1dn\u00fd vliv. Proto nem\u016f\u017eeme n\u00e9st odpov\u011bdnost za tento extern\u00ed obsah. Za obsah propojen\u00fdch str\u00e1nek je v\u017edy odpov\u011bdn\u00fd p\u0159\u00edslu\u0161n\u00fd poskytovatel nebo provozovatel. Neleg\u00e1ln\u00ed obsah nebyl p\u0159i vytv\u00e1\u0159en\u00ed odkazu rozpoznateln\u00fd. Trval\u00e1 kontrola obsahu propojen\u00fdch str\u00e1nek v\u0161ak nen\u00ed p\u0159im\u011b\u0159en\u00e1 bez konkr\u00e9tn\u00edch indici\u00ed poru\u0161en\u00ed pr\u00e1va. Po zji\u0161t\u011bn\u00ed poru\u0161en\u00ed pr\u00e1va budou tyto odkazy okam\u017eit\u011b odstran\u011bny.<\/p><p><strong><b>Autorsk\u00e1 pr\u00e1va<\/b><\/strong><\/p><p>Obsah a d\u00edla vytvo\u0159en\u00e1 provozovateli str\u00e1nek na t\u011bchto str\u00e1nk\u00e1ch podl\u00e9haj\u00ed n\u011bmeck\u00e9mu autorsk\u00e9mu pr\u00e1vu. P\u0159\u00edsp\u011bvky t\u0159et\u00edch stran jsou ozna\u010deny jako takov\u00e9. Kop\u00edrov\u00e1n\u00ed, \u00faprava, \u0161\u00ed\u0159en\u00ed a jak\u00e9koliv vyu\u017eit\u00ed mimo hranice autorsk\u00e9ho pr\u00e1va vy\u017eaduje p\u00edsemn\u00fd souhlas p\u0159\u00edslu\u0161n\u00e9ho autora nebo tv\u016frce. Stahov\u00e1n\u00ed a kop\u00edrov\u00e1n\u00ed t\u00e9to str\u00e1nky je povoleno pouze pro soukrom\u00e9, nekomer\u010dn\u00ed pou\u017eit\u00ed.<\/p><p><strong><b>Upozorn\u011bn\u00ed na \u0159e\u0161en\u00ed spor\u016f podle VSBG<\/b><\/strong><\/p><p>Nejsme povinni ani ochotni se \u00fa\u010dastnit \u0159\u00edzen\u00ed o \u0159e\u0161en\u00ed spor\u016f p\u0159ed spot\u0159ebitelsk\u00fdm rozhod\u010d\u00edm org\u00e1nem.<\/p>\t\t\t\t\t\t\t\t<\/div>\n\t\t\t\t\t<\/div>\n\t\t\t\t<\/div>\n\t\t\t\t<\/div>","protected":false},"excerpt":{"rendered":"<p>Impressum Impressum Angaben gem\u00e4\u00df \u00a7 5 DDG (Digitale-Dienste-Gesetz) Chaker Living GmbHMittagsweg 4326133 Oldenburg Vertreten durch den Gesch\u00e4ftsf\u00fchrer:Hozan Chaker Handelsregister: Amtsgericht Oldenburg, HRB 220914Umsatzsteuer-Identifikationsnummer gem\u00e4\u00df \u00a7 27a UStG: DE368654959 Kontakt Telefon: +49 155 654 118 26E-Mail: info@chaker-living.com Verantwortlich f\u00fcr den Inhalt nach \u00a7 18 Abs. 2 MStV Hozan ChakerMittagsweg 4326133 Oldenburg Haftungsausschluss Haftung f\u00fcr InhalteAls Diensteanbieter [&hellip;]<\/p>\n","protected":false},"author":2,"featured_media":0,"parent":0,"menu_order":0,"comment_status":"closed","ping_status":"closed","template":"elementor_header_footer","meta":{"footnotes":""},"class_list":["post-1667","page","type-page","status-publish","hentry"],"_links":{"self":[{"href":"https:\/\/chaker-living.com\/cs\/wp-json\/wp\/v2\/pages\/1667","targetHints":{"allow":["GET"]}}],"collection":[{"href":"https:\/\/chaker-living.com\/cs\/wp-json\/wp\/v2\/pages"}],"about":[{"href":"https:\/\/chaker-living.com\/cs\/wp-json\/wp\/v2\/types\/page"}],"author":[{"embeddable":true,"href":"https:\/\/chaker-living.com\/cs\/wp-json\/wp\/v2\/users\/2"}],"replies":[{"embeddable":true,"href":"https:\/\/chaker-living.com\/cs\/wp-json\/wp\/v2\/comments?post=1667"}],"version-history":[{"count":19,"href":"https:\/\/chaker-living.com\/cs\/wp-json\/wp\/v2\/pages\/1667\/revisions"}],"predecessor-version":[{"id":2797,"href":"https:\/\/chaker-living.com\/cs\/wp-json\/wp\/v2\/pages\/1667\/revisions\/2797"}],"wp:attachment":[{"href":"https:\/\/chaker-living.com\/cs\/wp-json\/wp\/v2\/media?parent=1667"}],"curies":[{"name":"wp","href":"https:\/\/api.w.org\/{rel}","templated":true}]}}